{"id":12,"date":"2019-06-16T13:45:14","date_gmt":"2019-06-16T11:45:14","guid":{"rendered":"https:\/\/dibuso.de\/?page_id=12"},"modified":"2021-10-05T16:35:53","modified_gmt":"2021-10-05T14:35:53","slug":"impressum","status":"publish","type":"page","link":"https:\/\/dibuso.de\/?page_id=12","title":{"rendered":"Impressum"},"content":{"rendered":"<h1><span style=\"color: #800000;\">IMPRESSUM<\/span><\/h1>\n<h1><span style=\"color: #800000;\">Angaben gem\u00e4\u00df \u00a7 5 TMG<\/span><\/h1>\n<p><span style=\"color: #800000;\"><strong>DiBuSo<\/strong><\/span><br \/>\n<span style=\"color: #800000;\">Unternehmensberatung<\/span><br \/>\n<span style=\"color: #800000;\">Dirk Buckesfeld<\/span><br \/>\n<span style=\"color: #800000;\">Kreuzvorwerk 64<\/span><br \/>\n<span style=\"color: #800000;\">06120 Halle (Saale)<\/span><\/p>\n<h2><span style=\"color: #800000;\">Kontakt<\/span><\/h2>\n<p><span style=\"color: #800000;\">E-Mail: info@dibuso.de<\/span><\/p>\n<h2><span style=\"color: #800000;\">Streitschlichtung<\/span><\/h2>\n<p><span style=\"color: #800000;\">Die Europ\u00e4ische Kommission stellt eine Plattform zur Online-Streitbeilegung (OS) bereit: <a style=\"color: #800000;\" href=\"https:\/\/ec.europa.eu\/consumers\/odr\" target=\"_blank\" rel=\"noopener noreferrer\">https:\/\/ec.europa.eu\/consumers\/odr<\/a>.<\/span><br \/>\n<span style=\"color: #800000;\">Unsere E-Mail-Adresse finden Sie oben im Impressum.<\/span><\/p>\n<p><span style=\"color: #800000;\">Wir sind nicht bereit oder verpflichtet, an Streitbeilegungsverfahren vor einer Verbraucherschlichtungsstelle teilzunehmen.<\/span><\/p>\n<h3><span style=\"color: #800000;\">Haftung f\u00fcr Inhalte<\/span><\/h3>\n<p><span style=\"color: #800000;\">Als Diensteanbieter sind wir gem\u00e4\u00df \u00a7 7 Abs.1 TMG f\u00fcr eigene Inhalte auf diesen Seiten nach den allgemeinen Gesetzen verantwortlich. Nach \u00a7\u00a7 8 bis 10 TMG sind wir als Diensteanbieter jedoch nicht verpflichtet, \u00fcbermittelte oder gespeicherte fremde Informationen zu \u00fcberwachen oder nach Umst\u00e4nden zu forschen, die auf eine rechtswidrige T\u00e4tigkeit hinweisen.<\/span><\/p>\n<p><span style=\"color: #800000;\">Verpflichtungen zur Entfernung oder Sperrung der Nutzung von Informationen nach den allgemeinen Gesetzen bleiben hiervon unber\u00fchrt. Eine diesbez\u00fcgliche Haftung ist jedoch erst ab dem Zeitpunkt der Kenntnis einer konkreten Rechtsverletzung m\u00f6glich. Bei Bekanntwerden von entsprechenden Rechtsverletzungen werden wir diese Inhalte umgehend entfernen.<\/span><\/p>\n<h3><span style=\"color: #800000;\">Haftung f\u00fcr Links<\/span><\/h3>\n<p><span style=\"color: #800000;\">Unser Angebot enth\u00e4lt Links zu externen Websites Dritter, auf deren Inhalte wir keinen Einfluss haben. Deshalb k\u00f6nnen wir f\u00fcr diese fremden Inhalte auch keine Gew\u00e4hr \u00fcbernehmen. F\u00fcr die Inhalte der verlinkten Seiten ist stets der jeweilige Anbieter oder Betreiber der Seiten verantwortlich. Die verlinkten Seiten wurden zum Zeitpunkt der Verlinkung auf m\u00f6gliche Rechtsverst\u00f6\u00dfe \u00fcberpr\u00fcft. Rechtswidrige Inhalte waren zum Zeitpunkt der Verlinkung nicht erkennbar.<\/span><\/p>\n<p><span style=\"color: #800000;\">Eine permanente inhaltliche Kontrolle der verlinkten Seiten ist jedoch ohne konkrete Anhaltspunkte einer Rechtsverletzung nicht zumutbar. Bei Bekanntwerden von Rechtsverletzungen werden wir derartige Links umgehend entfernen.<\/span><\/p>\n<h3><span style=\"color: #800000;\">Urheberrecht<\/span><\/h3>\n<p><span style=\"color: #800000;\">Die durch die Seitenbetreiber erstellten Inhalte und Werke auf diesen Seiten unterliegen dem deutschen Urheberrecht. Die Vervielf\u00e4ltigung, Bearbeitung, Verbreitung und jede Art der Verwertung au\u00dferhalb der Grenzen des Urheberrechtes bed\u00fcrfen der schriftlichen Zustimmung des jeweiligen Autors bzw. Erstellers. Downloads und Kopien dieser Seite sind nur f\u00fcr den privaten, nicht kommerziellen Gebrauch gestattet.<\/span><\/p>\n<p><span style=\"color: #800000;\">Soweit die Inhalte auf dieser Seite nicht vom Betreiber erstellt wurden, werden die Urheberrechte Dritter beachtet. Insbesondere werden Inhalte Dritter als solche gekennzeichnet. Sollten Sie trotzdem auf eine Urheberrechtsverletzung aufmerksam werden, bitten wir um einen entsprechenden Hinweis. Bei Bekanntwerden von Rechtsverletzungen werden wir derartige Inhalte umgehend entfernen.<\/span><\/p>\n<h2><\/h2>\n<h2><\/h2>\n<h2><\/h2>\n<h2><span style=\"color: #800000;\">Information pursuant to \u00a7 5 TMG<\/span><\/h2>\n<p><span style=\"color: #800000;\"><strong>DiBuSo<\/strong><\/span><br \/>\n<span style=\"color: #800000;\">Business Consulting<\/span><br \/>\n<span style=\"color: #800000;\">Dirk Buckesfeld<\/span><br \/>\n<span style=\"color: #800000;\">Kreuzvorwerk 64<\/span><br \/>\n<span style=\"color: #800000;\">06120 Halle (Saale)<\/span><\/p>\n<h2><span style=\"color: #800000;\">Contact<\/span><\/h2>\n<p><span style=\"color: #800000;\">E-mail: info@dibuso.de<\/span><\/p>\n<h2><span style=\"color: #800000;\">EU dispute resolution<\/span><\/h2>\n<p><span style=\"color: #800000;\">The European Commission provides a platform for online dispute resolution (ODR): <a style=\"color: #800000;\" href=\"https:\/\/ec.europa.eu\/consumers\/odr\" target=\"_blank\" rel=\"noopener noreferrer\">https:\/\/ec.europa.eu\/consumers\/odr<\/a>.<\/span><br \/>\n<span style=\"color: #800000;\">Our e-mail address can be found above in the site notice.<\/span><\/p>\n<p><span style=\"color: #800000;\">We are not willing or obliged to participate in dispute resolution proceedings before a consumer arbitration board.<\/span><\/p>\n<h3><span style=\"color: #800000;\">Liability for Contents<\/span><\/h3>\n<p><span style=\"color: #800000;\">As service providers, we are liable for own contents of these websites according to Paragraph 7, Sect. 1 German Telemedia Act (TMG). However, according to Paragraphs 8 to 10 German Telemedia Act (TMG), service providers are not obligated to permanently monitor submitted or stored information or to search for evidences that indicate illegal activities.<\/span><\/p>\n<p><span style=\"color: #800000;\">Legal obligations to removing information or to blocking the use of information remain unchallenged. In this case, liability is only possible at the time of knowledge about a specific violation of law. Illegal contents will be removed immediately at the time we get knowledge of them.<\/span><\/p>\n<h3><span style=\"color: #800000;\">Liability for Links<\/span><\/h3>\n<p><span style=\"color: #800000;\">Our offer includes links to external third party websites. We have no influence on the contents of those websites, therefore we cannot guarantee for those contents. Providers or administrators of linked websites are always responsible for their own contents.<\/span><\/p>\n<p><span style=\"color: #800000;\">The linked websites had been checked for possible violations of law at the time of the establishment of the link. Illegal contents were not detected at the time of the linking. A permanent monitoring of the contents of linked websites cannot be imposed without reasonable indications that there has been a violation of law. Illegal links will be removed immediately at the time we get knowledge of them.<\/span><\/p>\n<h3><span style=\"color: #800000;\">Copyright<\/span><\/h3>\n<p><span style=\"color: #800000;\">Contents and compilations published on these websites by the providers are subject to German copyright laws. Reproduction, editing, distribution as well as the use of any kind outside the scope of the copyright law require a written permission of the author or originator. Downloads and copies of these websites are permitted for private use only.<\/span><br \/>\n<span style=\"color: #800000;\">The commercial use of our contents without permission of the originator is prohibited.<\/span><\/p>\n<p><span style=\"color: #800000;\">Copyright laws of third parties are respected as long as the contents on these websites do not originate from the provider. Contributions of third parties on this site are indicated as such. However, if you notice any violations of copyright law, please inform us. Such contents will be removed immediately.<\/span><\/p>\n","protected":false},"excerpt":{"rendered":"<p>IMPRESSUM Angaben gem\u00e4\u00df \u00a7 5 TMG DiBuSo Unternehmensberatung Dirk Buckesfeld Kreuzvorwerk 64 06120 Halle (Saale) Kontakt E-Mail: info@dibuso.de Streitschlichtung Die Europ\u00e4ische Kommission stellt eine Plattform zur Online-Streitbeilegung (OS) bereit: https:\/\/ec.europa.eu\/consumers\/odr. Unsere E-Mail-Adresse finden Sie oben im Impressum. Wir sind nicht bereit oder verpflichtet, an Streitbeilegungsverfahren vor einer Verbraucherschlichtungsstelle teilzunehmen. Haftung f\u00fcr Inhalte Als Diensteanbieter sind &hellip; <\/p>\n<p class=\"link-more\"><a href=\"https:\/\/dibuso.de\/?page_id=12\" class=\"more-link\"><span class=\"screen-reader-text\">\u201eImpressum\u201c<\/span> weiterlesen<\/a><\/p>\n","protected":false},"author":1,"featured_media":0,"parent":0,"menu_order":0,"comment_status":"closed","ping_status":"closed","template":"","meta":{"_exactmetrics_skip_tracking":false,"_exactmetrics_sitenote_active":false,"_exactmetrics_sitenote_note":"","_exactmetrics_sitenote_category":0},"_links":{"self":[{"href":"https:\/\/dibuso.de\/index.php?rest_route=\/wp\/v2\/pages\/12"}],"collection":[{"href":"https:\/\/dibuso.de\/index.php?rest_route=\/wp\/v2\/pages"}],"about":[{"href":"https:\/\/dibuso.de\/index.php?rest_route=\/wp\/v2\/types\/page"}],"author":[{"embeddable":true,"href":"https:\/\/dibuso.de\/index.php?rest_route=\/wp\/v2\/users\/1"}],"replies":[{"embeddable":true,"href":"https:\/\/dibuso.de\/index.php?rest_route=%2Fwp%2Fv2%2Fcomments&post=12"}],"version-history":[{"count":10,"href":"https:\/\/dibuso.de\/index.php?rest_route=\/wp\/v2\/pages\/12\/revisions"}],"predecessor-version":[{"id":209,"href":"https:\/\/dibuso.de\/index.php?rest_route=\/wp\/v2\/pages\/12\/revisions\/209"}],"wp:attachment":[{"href":"https:\/\/dibuso.de\/index.php?rest_route=%2Fwp%2Fv2%2Fmedia&parent=12"}],"curies":[{"name":"wp","href":"https:\/\/api.w.org\/{rel}","templated":true}]}}